{"id":1016,"date":"2022-03-28T14:33:57","date_gmt":"2022-03-28T14:33:57","guid":{"rendered":"https:\/\/www.novopinhal.com\/?page_id=1016"},"modified":"2022-03-28T14:39:24","modified_gmt":"2022-03-28T14:39:24","slug":"quem-somos","status":"publish","type":"page","link":"https:\/\/www.novopinhal.com\/?page_id=1016","title":{"rendered":"Quem somos"},"content":{"rendered":"<div class=\"\" style=\"\" >\n    \n    <section class=\"u-align-center u-clearfix u-section-2\" id=\"carousel_0d0d\">\n      <div class=\"u-clearfix u-sheet u-sheet-1\">\n        <h1 class=\"u-text u-text-custom-color-2 u-text-default u-text-1\"> QUEM SOMOS<\/h1>\n        <div class=\"u-clearfix u-expanded-width u-layout-wrap u-layout-wrap-1\">\n          <div class=\"u-layout\">\n            <div class=\"u-layout-row\">\n              <div class=\"u-size-30\">\n                <div class=\"u-layout-col\">\n                  <div class=\"u-container-style u-layout-cell u-size-40 u-layout-cell-1\">\n                    <div class=\"u-container-layout u-container-layout-1\">\n                      <p class=\"u-align-justify u-text u-text-2\"> A <span style=\"font-weight: 700;\">Novo Pinhal - Administra\u00e7\u00e3o de Condom\u00ednios<\/span> foi criada\nem Dezembro de 2019 na Sert\u00e3, e tem como objeto exclusivo a administra\u00e7\u00e3o de\nPr\u00e9dios, respeitando todas as normas legais vigentes na Legisla\u00e7\u00e3o do&nbsp;Dec.-Lei\nn.\u00ba 268\/94&nbsp;e\nas constantes no Regulamento Interno do Condom\u00ednio.\n                      <\/p>\n                      <h6 class=\"u-align-center u-text u-text-custom-color-2 u-text-3\">A NOSSA MISS\u00c3O<\/h6>\n                      <p class=\"u-align-justify u-text u-text-4\"> Ser refer\u00eancia na \u00e1rea de\nAdministra\u00e7\u00e3o de Condom\u00ednios, de forma sustentada, inovadora e din\u00e2mica.<\/p>\n                      <h6 class=\"u-align-center u-text u-text-custom-color-2 u-text-5\">A NOSSA VIS\u00c3O<\/h6>\n                      <p class=\"u-align-justify u-text u-text-6\"> Aperfei\u00e7oar\nconhecimentos, procedimentos e aptid\u00f5es com a finalidade de prestar um servi\u00e7o\nacima das expectativas dos clientes.<\/p>\n                      <h6 class=\"u-align-center u-text u-text-custom-color-2 u-text-7\">OS NOSSOS VALORES<\/h6>\n                      <p class=\"u-align-justify u-text u-text-8\"> Profissionalismo,\nCompet\u00eancia, Honestidade, Respeito e Dedica\u00e7\u00e3o.<\/p>\n                    <\/div>\n                  <\/div>\n                  <div class=\"u-container-style u-layout-cell u-size-20 u-layout-cell-2\">\n                    <div class=\"u-container-layout u-container-layout-2\">\n                      <img decoding=\"async\" class=\"u-expanded-width-md u-expanded-width-sm u-expanded-width-xs u-image u-image-round u-radius-50 u-image-1\" src=\"https:\/\/www.novopinhal.com\/wp-content\/uploads\/2022\/03\/img003.jpg\" data-image-width=\"1359\" data-image-height=\"1927\">\n                    <\/div>\n                  <\/div>\n                <\/div>\n              <\/div>\n              <div class=\"u-size-30\">\n                <div class=\"u-layout-col\">\n                  <div class=\"u-container-style u-layout-cell u-size-20 u-layout-cell-3\">\n                    <div class=\"u-container-layout u-valign-bottom-sm u-valign-bottom-xs u-valign-middle-lg u-valign-middle-md u-valign-middle-xl u-container-layout-3\">\n                      <img decoding=\"async\" class=\"u-expanded-width-md u-expanded-width-sm u-expanded-width-xs u-image u-image-round u-radius-50 u-image-2\" src=\"https:\/\/www.novopinhal.com\/wp-content\/uploads\/2022\/03\/img002.jpg\" alt=\"\" data-image-width=\"2048\" data-image-height=\"1261\">\n                    <\/div>\n                  <\/div>\n                  <div class=\"u-container-style u-image u-image-round u-layout-cell u-radius-50 u-size-40 u-image-3\" data-image-width=\"2048\" data-image-height=\"1191\" style=\"background-image: url(&quot;https:\/\/www.novopinhal.com\/wp-content\/uploads\/2022\/03\/img004.png&quot;);\">\n                    <div class=\"u-container-layout u-container-layout-4\"><\/div>\n                  <\/div>\n                <\/div>\n              <\/div>\n            <\/div>\n          <\/div>\n        <\/div>\n      <\/div>\n    <\/section>\n    \n    \n  \n<\/div>","protected":false},"excerpt":{"rendered":"<p>QUEM SOMOS A Novo Pinhal &#8211; Administra\u00e7\u00e3o de Condom\u00ednios foi criada em Dezembro de 2019 na Sert\u00e3, e tem como objeto exclusivo a administra\u00e7\u00e3o de Pr\u00e9dios, respeitando todas as normas legais vigentes na Legisla\u00e7\u00e3o do&nbsp;Dec.-Lei n.\u00ba 268\/94&nbsp;e as constantes no Regulamento Interno do Condom\u00ednio. A NOSSA MISS\u00c3O Ser refer\u00eancia na \u00e1rea de Administra\u00e7\u00e3o de Condom\u00ednios, [&hellip;]<\/p>\n","protected":false},"author":1,"featured_media":0,"parent":0,"menu_order":0,"comment_status":"closed","ping_status":"closed","template":"","meta":{"footnotes":""},"class_list":["post-1016","page","type-page","status-publish","hentry"],"_links":{"self":[{"href":"https:\/\/www.novopinhal.com\/index.php?rest_route=\/wp\/v2\/pages\/1016","targetHints":{"allow":["GET"]}}],"collection":[{"href":"https:\/\/www.novopinhal.com\/index.php?rest_route=\/wp\/v2\/pages"}],"about":[{"href":"https:\/\/www.novopinhal.com\/index.php?rest_route=\/wp\/v2\/types\/page"}],"author":[{"embeddable":true,"href":"https:\/\/www.novopinhal.com\/index.php?rest_route=\/wp\/v2\/users\/1"}],"replies":[{"embeddable":true,"href":"https:\/\/www.novopinhal.com\/index.php?rest_route=%2Fwp%2Fv2%2Fcomments&post=1016"}],"version-history":[{"count":9,"href":"https:\/\/www.novopinhal.com\/index.php?rest_route=\/wp\/v2\/pages\/1016\/revisions"}],"predecessor-version":[{"id":1037,"href":"https:\/\/www.novopinhal.com\/index.php?rest_route=\/wp\/v2\/pages\/1016\/revisions\/1037"}],"wp:attachment":[{"href":"https:\/\/www.novopinhal.com\/index.php?rest_route=%2Fwp%2Fv2%2Fmedia&parent=1016"}],"curies":[{"name":"wp","href":"https:\/\/api.w.org\/{rel}","templated":true}]}}