{"id":1092,"date":"2022-03-28T16:24:22","date_gmt":"2022-03-28T16:24:22","guid":{"rendered":"https:\/\/www.novopinhal.com\/?page_id=1092"},"modified":"2022-03-28T16:25:04","modified_gmt":"2022-03-28T16:25:04","slug":"noticias","status":"publish","type":"page","link":"https:\/\/www.novopinhal.com\/?page_id=1092","title":{"rendered":"Noticias"},"content":{"rendered":"<div class=\"\" style=\"\" >\n    \n    <section class=\"u-clearfix u-grey-10 u-section-2\" id=\"sec-9eb4\">\n      <div class=\"u-clearfix u-sheet u-valign-middle u-sheet-1\">\n        <div class=\"u-blog u-expanded-width u-blog-1\">\n          <div class=\"u-repeater u-repeater-1\">\n            <div class=\"u-align-left u-blog-post u-container-style u-repeater-item u-white u-repeater-item-1\">\n              <div class=\"u-container-layout u-similar-container u-container-layout-1\"><a class=\"u-blog-control u-expanded-width u-image u-image-default u-image-1\" href=\"https:\/\/www.novopinhal.com\/?p=965\">\n                <img decoding=\"async\" alt=\"\" class=\"u-blog-control u-expanded-width u-image u-image-default u-image-1\" src=\"https:\/\/www.novopinhal.com\/wp-content\/uploads\/2022\/02\/Reunioes-300x159.png\"><\/a>\n                <h4 class=\"u-blog-control u-text u-text-1\">\n                  <a class=\"u-post-header-link\" href=\"https:\/\/www.novopinhal.com\/?p=965\">Dicas para assembleias r\u00e1pidas!<\/a>\n                <\/h4>\n                <div class=\"u-blog-control u-post-content u-text u-text-2\"><p>\nAs assembleias do condom\u00ednio s\u00e3o um momento importante que s\u00f3 \u00e9 poss\u00edvel realizar com a participa\u00e7\u00e3o dos cond\u00f3minos, sendo o tempo que as &hellip;<\/p>\n                <\/div>\n                <a href=\"https:\/\/www.novopinhal.com\/?p=965\" class=\"u-blog-control u-border-none u-btn u-button-style u-custom-color-2 u-hover-grey-40 u-btn-1\">LEIA MAIS<\/a>\n              <\/div>\n            <\/div>\n            <div class=\"u-align-left u-blog-post u-container-style u-repeater-item u-white u-repeater-item-1\">\n              <div class=\"u-container-layout u-similar-container u-container-layout-1\"><a class=\"u-blog-control u-expanded-width u-image u-image-default u-image-1\" href=\"https:\/\/www.novopinhal.com\/?p=960\">\n                <img decoding=\"async\" alt=\"\" class=\"u-blog-control u-expanded-width u-image u-image-default u-image-1\" src=\"https:\/\/www.novopinhal.com\/wp-content\/uploads\/2022\/02\/Noticia2-300x158.png\"><\/a>\n                <h4 class=\"u-blog-control u-text u-text-1\">\n                  <a class=\"u-post-header-link\" href=\"https:\/\/www.novopinhal.com\/?p=960\">Arrendamento sob fiscaliza\u00e7\u00e3o!<\/a>\n                <\/h4>\n                <div class=\"u-blog-control u-post-content u-text u-text-2\"><p>\nNo desenvolvimento da nova pol\u00edtica de habita\u00e7\u00e3o, o Instituto da Habita\u00e7\u00e3o e da Reabilita\u00e7\u00e3o Urbana (IHRU) passou a ser respons\u00e1vel por acompanhar &hellip;<\/p>\n                <\/div>\n                <a href=\"https:\/\/www.novopinhal.com\/?p=960\" class=\"u-blog-control u-border-none u-btn u-button-style u-custom-color-2 u-hover-grey-40 u-btn-1\">LEIA MAIS<\/a>\n              <\/div>\n            <\/div>\n            <div class=\"u-align-left u-blog-post u-container-style u-repeater-item u-white u-repeater-item-1\">\n              <div class=\"u-container-layout u-similar-container u-container-layout-1\"><a class=\"u-blog-control u-expanded-width u-image u-image-default u-image-1\" href=\"https:\/\/www.novopinhal.com\/?p=910\">\n                <img decoding=\"async\" alt=\"\" class=\"u-blog-control u-expanded-width u-image u-image-default u-image-1\" src=\"https:\/\/www.novopinhal.com\/wp-content\/uploads\/2022\/02\/Casa_Sustentavel-300x157.png\"><\/a>\n                <h4 class=\"u-blog-control u-text u-text-1\">\n                  <a class=\"u-post-header-link\" href=\"https:\/\/www.novopinhal.com\/?p=910\">5 pequenos segredos para uma casa sustent\u00e1vel<\/a>\n                <\/h4>\n                <div class=\"u-blog-control u-post-content u-text u-text-2\"><p>\n\u00c9 cada vez mais uma preocupa\u00e7\u00e3o para a maioria das pessoas a redu\u00e7\u00e3o da sua pegada ecol\u00f3gica, garantindo estilos de vida que respeitam o ambiente e&hellip;<\/p>\n                <\/div>\n                <a href=\"https:\/\/www.novopinhal.com\/?p=910\" class=\"u-blog-control u-border-none u-btn u-button-style u-custom-color-2 u-hover-grey-40 u-btn-1\">LEIA MAIS<\/a>\n              <\/div>\n            <\/div>\n          <\/div>\n        <\/div>\n      <\/div>\n    <\/section>\n    \n    \n  \n<\/div>","protected":false},"excerpt":{"rendered":"<p>Dicas para assembleias r\u00e1pidas! As assembleias do condom\u00ednio s\u00e3o um momento importante que s\u00f3 \u00e9 poss\u00edvel realizar com a participa\u00e7\u00e3o dos cond\u00f3minos, sendo o tempo que as &hellip; LEIA MAIS Arrendamento sob fiscaliza\u00e7\u00e3o! No desenvolvimento da nova pol\u00edtica de habita\u00e7\u00e3o, o Instituto da Habita\u00e7\u00e3o e da Reabilita\u00e7\u00e3o Urbana (IHRU) passou a ser respons\u00e1vel por acompanhar [&hellip;]<\/p>\n","protected":false},"author":1,"featured_media":0,"parent":0,"menu_order":0,"comment_status":"closed","ping_status":"closed","template":"","meta":{"footnotes":""},"class_list":["post-1092","page","type-page","status-publish","hentry"],"_links":{"self":[{"href":"https:\/\/www.novopinhal.com\/index.php?rest_route=\/wp\/v2\/pages\/1092","targetHints":{"allow":["GET"]}}],"collection":[{"href":"https:\/\/www.novopinhal.com\/index.php?rest_route=\/wp\/v2\/pages"}],"about":[{"href":"https:\/\/www.novopinhal.com\/index.php?rest_route=\/wp\/v2\/types\/page"}],"author":[{"embeddable":true,"href":"https:\/\/www.novopinhal.com\/index.php?rest_route=\/wp\/v2\/users\/1"}],"replies":[{"embeddable":true,"href":"https:\/\/www.novopinhal.com\/index.php?rest_route=%2Fwp%2Fv2%2Fcomments&post=1092"}],"version-history":[{"count":4,"href":"https:\/\/www.novopinhal.com\/index.php?rest_route=\/wp\/v2\/pages\/1092\/revisions"}],"predecessor-version":[{"id":1100,"href":"https:\/\/www.novopinhal.com\/index.php?rest_route=\/wp\/v2\/pages\/1092\/revisions\/1100"}],"wp:attachment":[{"href":"https:\/\/www.novopinhal.com\/index.php?rest_route=%2Fwp%2Fv2%2Fmedia&parent=1092"}],"curies":[{"name":"wp","href":"https:\/\/api.w.org\/{rel}","templated":true}]}}